{"id":3,"date":"2019-04-09T11:09:34","date_gmt":"2019-04-09T11:09:34","guid":{"rendered":"https:\/\/actionaudiovisuelle.com\/?page_id=3"},"modified":"2019-04-09T11:47:28","modified_gmt":"2019-04-09T11:47:28","slug":"privacy-policy","status":"publish","type":"page","link":"https:\/\/actionaudiovisuelle.com\/?page_id=3","title":{"rendered":"Mentions L\u00e9gales"},"content":{"rendered":"<p><strong>Directeur de la Publication :<\/strong><\/p>\n<p>Philippe BAUMANN<\/p>\n<p>Site \u00e9dit\u00e9 par :<\/p>\n<p><strong>ACTION AUDIOVISUELLE<\/strong> &#8211; Siren : 795 323 179 &#8211; (Evry)\u00a0<br \/><em>toutes les prestations de r\u00e9alisation, tournage et montage<\/em><\/p>\n<p>D\u00e9veloppement &amp; H\u00e9bergement : <br \/><a href=\"http:\/\/cortical.net\" target=\"_blank\" rel=\"noopener noreferrer\">cortical.net<\/a> &#8211; 0954 870 210 &#8211; hosting[at]cortical.net<br \/>11, les charrauds 87220 Aureil &#8211; France<\/p>\n<p>&nbsp;<\/p>\n<p>&nbsp;<\/p>\n<p><strong>Contact<\/strong><\/p>\n<p>Vous pouvez adresser vos questions et commentaires ainsi que signaler tout contenu jug\u00e9 inexact (accompagn\u00e9s dans ce cas de l\u2019URL de la page comment\u00e9e et\/ou d&rsquo;une copie de son contenu) en remplissant le formulaire de la rubrique contact.<\/p>\n<p>&nbsp;<\/p>\n<p><strong>Contenus et liens<\/strong><\/p>\n<p>Action Audiovisuelle s&rsquo;efforce de pr\u00e9senter des informations actualis\u00e9es sur son site Web. <br \/>Pour autant Action Audiovisuelle ne fait aucune d\u00e9claration ni ne consent aucune garantie ou engagement quant \u00e0 l&rsquo;exactitude, l&rsquo;actualit\u00e9 ou l&rsquo;exhaustivit\u00e9 des informations fournies.<\/p>\n<p>Les contenus figurant sur ce site Web sont uniquement fournis \u00e0 des fins d&rsquo;information g\u00e9n\u00e9rale. <br \/>Bien qu&rsquo;Action Audiovisuelle veille \u00e0 la qualit\u00e9 du contenu publi\u00e9 sur ce site, des erreurs peuvent toutefois appara\u00eetre. Ce site Web n&rsquo;est pas n\u00e9cessairement mis \u00e0 jour en temps r\u00e9el et certaines informations peuvent avoir \u00e9t\u00e9 infirm\u00e9 depuis leur publication initiale. Avant d&rsquo;entreprendre toute action sur la base d&rsquo;informations trouv\u00e9es sur ce site Web, vous devez v\u00e9rifier aupr\u00e8s d&rsquo;une autre source ou prendre directement aupr\u00e8s d&rsquo;Action Audiovisuelle.<\/p>\n<p>&nbsp;<\/p>\n<p><strong>Droits d&rsquo;auteur<\/strong><\/p>\n<p>Action Audiovisuelle ne renonce pas \u00e0 ses droits ni aux droits de tout tiers attach\u00e9s aux contenus figurant sur ce site bien que l&rsquo;acc\u00e8s soit libre. Les contenus disponibles sur ce site Web sont la propri\u00e9t\u00e9 d&rsquo;Action Audiovisuelle ou de ses conc\u00e9dants et sont prot\u00e9g\u00e9s par des droits d&rsquo;auteur et autres droits de propri\u00e9t\u00e9 intellectuelle. Certains contenu peuvent \u00eatre sous licences Creative Commons ou nous avoir \u00e9t\u00e9 pr\u00e9sent\u00e9 comme tel. Si un ayant \u00a0droit d\u00e9tecte une anomalie, nous lui sommes reconnaissant de nous en faire part. Les visiteurs sont autoris\u00e9s \u00e0 afficher et imprimer les informations publi\u00e9es sur ce site Web dans le cadre d\u2019une utilisation personnelle et en pr\u00e9cisant leurs sources.<\/p>\n<p>Pour tout autre utilisation il est n\u00e9cessaire d\u2019avoir au pr\u00e9alable obtenu l&rsquo;accord \u00e9crit d&rsquo;Action Audiovisuelle. Aucun contenu de ce site Web ne peut \u00eatre copi\u00e9, reproduit, distribu\u00e9, republi\u00e9, t\u00e9l\u00e9charg\u00e9, affich\u00e9, mis en ligne ni transmis sous quelque forme et de quelque mani\u00e8re que ce soit, y compris et notamment sous forme \u00e9lectronique, reprographique, enregistrement ou autre sans l&rsquo;autorisation \u00e9crite pr\u00e9alable d&rsquo;Action Audiovisuelle ou du propri\u00e9taire tiers du contenu. L&rsquo;utilisation non autoris\u00e9e d&rsquo;un contenu de ce site peut constituer une violation des lois relatives aux droits d&rsquo;auteur, aux r\u00e9glementations relatives \u00e0 la confidentialit\u00e9 et \u00e0 la publicit\u00e9 et aux lois et r\u00e9glementations r\u00e9gissant les communications ainsi que toutes autres lois nationales et locales.<\/p>\n<p>&nbsp;<\/p>\n<p>&nbsp;<\/p>\n<p><strong>Limite de Responsabilit\u00e9s<\/strong><\/p>\n<p>Action Audiovisuelle d\u00e9cline toute responsabilit\u00e9 en cas de dommages d\u00e9coulant de l&rsquo;utilisation de toute forme d&rsquo;information fournie sur le site Web et ne peut assurer l&rsquo;accessibilit\u00e9 permanente des contenus \u00e0 son site Web.<\/p>\n<p>Ce site Web peut proposer des liens pointant vers d&rsquo;autres sites non contr\u00f4l\u00e9s par Action Audiovisuelle. En cons\u00e9quence, Action Audiovisuelle d\u00e9cline toute responsabilit\u00e9 quant aux contenus de ces autres sites et ne saurait \u00eatre tenue responsable \u00e0 la place de leurs \u00e9diteurs.<\/p>\n<p>&nbsp;<\/p>\n<p><strong>Protection des donn\u00e9es personnelles et respect de la loi du 6 janvier 1978<\/strong><\/p>\n<p>Conform\u00e9ment \u00e0 la loi Informatique et Libert\u00e9s du 6 janvier 1978, vous disposez aupr\u00e8s d&rsquo;Action Audiovisuelle d&rsquo;un droit d&rsquo;acc\u00e8s, de rectification ou de suppression concernant les donn\u00e9es personnelles que nous pourrions \u00eatre amen\u00e9s \u00e0 recueillir.<\/p>\n<p>Ces donn\u00e9es sont celles que vous aurez volontairement enregistr\u00e9es lors de vos commentaires, questions ou r\u00e9ponses aux formulaires notamment, ou lors de demandes d&rsquo;information. Aucune information personnelle vous concernant n&rsquo;est c\u00e9d\u00e9e \u00e0 des tiers ou utilis\u00e9e \u00e0 des fins non pr\u00e9vues.<\/p>\n","protected":false},"excerpt":{"rendered":"<p>Directeur de la Publication : Philippe BAUMANN Site \u00e9dit\u00e9 par : ACTION AUDIOVISUELLE &#8211; Siren : 795 323 179 &#8211; (Evry)\u00a0toutes les prestations de r\u00e9alisation, tournage et montage D\u00e9veloppement &amp; H\u00e9bergement : cortical.net &#8211; 0954 870 210 &#8211; hosting[at]cortical.net11, les charrauds 87220 Aureil &#8211; France &nbsp; &nbsp; Contact Vous pouvez adresser vos questions et commentaires ainsi que signaler tout contenu jug\u00e9 inexact (accompagn\u00e9s dans ce cas de l\u2019URL de la page comment\u00e9e et\/ou d&rsquo;une copie de son contenu) en remplissant le formulaire de la rubrique contact. &nbsp; Contenus et liens Action Audiovisuelle s&rsquo;efforce de pr\u00e9senter des informations actualis\u00e9es sur son site Web. Pour autant Action Audiovisuelle ne fait aucune d\u00e9claration ni ne consent aucune garantie ou engagement quant \u00e0 l&rsquo;exactitude, l&rsquo;actualit\u00e9 ou l&rsquo;exhaustivit\u00e9 des informations fournies. Les contenus figurant sur ce site Web sont uniquement fournis \u00e0 des fins d&rsquo;information g\u00e9n\u00e9rale. Bien qu&rsquo;Action Audiovisuelle veille \u00e0 la qualit\u00e9 du contenu publi\u00e9 sur ce site, des erreurs peuvent toutefois appara\u00eetre. Ce site Web n&rsquo;est pas n\u00e9cessairement mis \u00e0 jour en temps r\u00e9el et certaines informations peuvent avoir \u00e9t\u00e9 infirm\u00e9 depuis leur publication initiale. Avant d&rsquo;entreprendre toute action sur la base d&rsquo;informations trouv\u00e9es sur ce site Web, vous devez v\u00e9rifier aupr\u00e8s d&rsquo;une autre source ou prendre directement aupr\u00e8s d&rsquo;Action Audiovisuelle. &nbsp; Droits d&rsquo;auteur Action Audiovisuelle ne renonce pas \u00e0 ses droits ni aux droits de tout tiers attach\u00e9s aux contenus figurant sur ce site bien que l&rsquo;acc\u00e8s soit libre. Les contenus disponibles sur ce site Web sont la propri\u00e9t\u00e9 d&rsquo;Action Audiovisuelle ou de ses conc\u00e9dants et sont prot\u00e9g\u00e9s par des droits d&rsquo;auteur et autres droits de propri\u00e9t\u00e9 intellectuelle. Certains contenu peuvent \u00eatre sous licences Creative Commons ou nous avoir \u00e9t\u00e9 pr\u00e9sent\u00e9 comme tel. Si un ayant \u00a0droit d\u00e9tecte une anomalie, nous lui sommes reconnaissant de nous en faire part. Les visiteurs sont autoris\u00e9s \u00e0 afficher et imprimer les informations publi\u00e9es sur ce site Web dans le cadre d\u2019une utilisation personnelle et en pr\u00e9cisant leurs sources. Pour tout autre utilisation il est n\u00e9cessaire d\u2019avoir au pr\u00e9alable obtenu l&rsquo;accord \u00e9crit d&rsquo;Action Audiovisuelle. Aucun contenu de ce site Web ne peut \u00eatre copi\u00e9, reproduit, distribu\u00e9, republi\u00e9, t\u00e9l\u00e9charg\u00e9, affich\u00e9, mis en ligne ni transmis sous quelque forme et de quelque mani\u00e8re que ce soit, y compris et notamment sous forme \u00e9lectronique, reprographique, enregistrement ou autre sans l&rsquo;autorisation \u00e9crite pr\u00e9alable d&rsquo;Action Audiovisuelle ou du propri\u00e9taire tiers du contenu. L&rsquo;utilisation non autoris\u00e9e d&rsquo;un contenu de ce site peut constituer une violation des lois relatives aux droits d&rsquo;auteur, aux r\u00e9glementations relatives \u00e0 la confidentialit\u00e9 et \u00e0 la publicit\u00e9 et aux lois et r\u00e9glementations r\u00e9gissant les communications ainsi que toutes autres lois nationales et locales. &nbsp; &nbsp; Limite de Responsabilit\u00e9s Action Audiovisuelle d\u00e9cline toute responsabilit\u00e9 en cas de dommages d\u00e9coulant de l&rsquo;utilisation de toute forme d&rsquo;information fournie sur le site Web et ne peut assurer l&rsquo;accessibilit\u00e9 permanente des contenus \u00e0 son site Web. Ce site Web peut proposer des liens pointant vers d&rsquo;autres sites non contr\u00f4l\u00e9s par Action Audiovisuelle. En cons\u00e9quence, Action Audiovisuelle d\u00e9cline toute responsabilit\u00e9 quant aux contenus de ces autres sites et ne saurait \u00eatre tenue responsable \u00e0 la place de leurs \u00e9diteurs. &nbsp; Protection des donn\u00e9es personnelles et respect de la loi du 6 janvier 1978 Conform\u00e9ment \u00e0 la loi Informatique et Libert\u00e9s du 6 janvier 1978, vous disposez aupr\u00e8s d&rsquo;Action Audiovisuelle d&rsquo;un droit d&rsquo;acc\u00e8s, de rectification ou de suppression concernant les donn\u00e9es personnelles que nous pourrions \u00eatre amen\u00e9s \u00e0 recueillir. Ces donn\u00e9es sont celles que vous aurez volontairement enregistr\u00e9es lors de vos commentaires, questions ou r\u00e9ponses aux formulaires notamment, ou lors de demandes d&rsquo;information. Aucune information personnelle vous concernant n&rsquo;est c\u00e9d\u00e9e \u00e0 des tiers ou utilis\u00e9e \u00e0 des fins non pr\u00e9vues.<\/p>\n","protected":false},"author":1,"featured_media":0,"parent":0,"menu_order":0,"comment_status":"closed","ping_status":"open","template":"","meta":{"footnotes":""},"class_list":["post-3","page","type-page","status-publish","hentry"],"yoast_head":"<!-- This site is optimized with the Yoast SEO plugin v25.6 - https:\/\/yoast.com\/wordpress\/plugins\/seo\/ -->\n<title>Mentions L\u00e9gales - Actionaudiovisuelle<\/title>\n<meta name=\"robots\" content=\"index, follow, max-snippet:-1, max-image-preview:large, max-video-preview:-1\" \/>\n<link rel=\"canonical\" href=\"https:\/\/actionaudiovisuelle.com\/?page_id=3\" \/>\n<meta property=\"og:locale\" content=\"fr_FR\" \/>\n<meta property=\"og:type\" content=\"article\" \/>\n<meta property=\"og:title\" content=\"Mentions L\u00e9gales - Actionaudiovisuelle\" \/>\n<meta property=\"og:description\" content=\"Directeur de la Publication : Philippe BAUMANN Site \u00e9dit\u00e9 par : ACTION AUDIOVISUELLE &#8211; Siren : 795 323 179 &#8211; (Evry)\u00a0toutes les prestations de r\u00e9alisation, tournage et montage D\u00e9veloppement &amp; H\u00e9bergement : cortical.net &#8211; 0954 870 210 &#8211; hosting[at]cortical.net11, les charrauds 87220 Aureil &#8211; France &nbsp; &nbsp; Contact Vous pouvez adresser vos questions et commentaires ainsi que signaler tout contenu jug\u00e9 inexact (accompagn\u00e9s dans ce cas de l\u2019URL de la page comment\u00e9e et\/ou d&rsquo;une copie de son contenu) en remplissant le formulaire de la rubrique contact. &nbsp; Contenus et liens Action Audiovisuelle s&rsquo;efforce de pr\u00e9senter des informations actualis\u00e9es sur son site Web. Pour autant Action Audiovisuelle ne fait aucune d\u00e9claration ni ne consent aucune garantie ou engagement quant \u00e0 l&rsquo;exactitude, l&rsquo;actualit\u00e9 ou l&rsquo;exhaustivit\u00e9 des informations fournies. Les contenus figurant sur ce site Web sont uniquement fournis \u00e0 des fins d&rsquo;information g\u00e9n\u00e9rale. Bien qu&rsquo;Action Audiovisuelle veille \u00e0 la qualit\u00e9 du contenu publi\u00e9 sur ce site, des erreurs peuvent toutefois appara\u00eetre. Ce site Web n&rsquo;est pas n\u00e9cessairement mis \u00e0 jour en temps r\u00e9el et certaines informations peuvent avoir \u00e9t\u00e9 infirm\u00e9 depuis leur publication initiale. Avant d&rsquo;entreprendre toute action sur la base d&rsquo;informations trouv\u00e9es sur ce site Web, vous devez v\u00e9rifier aupr\u00e8s d&rsquo;une autre source ou prendre directement aupr\u00e8s d&rsquo;Action Audiovisuelle. &nbsp; Droits d&rsquo;auteur Action Audiovisuelle ne renonce pas \u00e0 ses droits ni aux droits de tout tiers attach\u00e9s aux contenus figurant sur ce site bien que l&rsquo;acc\u00e8s soit libre. Les contenus disponibles sur ce site Web sont la propri\u00e9t\u00e9 d&rsquo;Action Audiovisuelle ou de ses conc\u00e9dants et sont prot\u00e9g\u00e9s par des droits d&rsquo;auteur et autres droits de propri\u00e9t\u00e9 intellectuelle. Certains contenu peuvent \u00eatre sous licences Creative Commons ou nous avoir \u00e9t\u00e9 pr\u00e9sent\u00e9 comme tel. Si un ayant \u00a0droit d\u00e9tecte une anomalie, nous lui sommes reconnaissant de nous en faire part. Les visiteurs sont autoris\u00e9s \u00e0 afficher et imprimer les informations publi\u00e9es sur ce site Web dans le cadre d\u2019une utilisation personnelle et en pr\u00e9cisant leurs sources. Pour tout autre utilisation il est n\u00e9cessaire d\u2019avoir au pr\u00e9alable obtenu l&rsquo;accord \u00e9crit d&rsquo;Action Audiovisuelle. Aucun contenu de ce site Web ne peut \u00eatre copi\u00e9, reproduit, distribu\u00e9, republi\u00e9, t\u00e9l\u00e9charg\u00e9, affich\u00e9, mis en ligne ni transmis sous quelque forme et de quelque mani\u00e8re que ce soit, y compris et notamment sous forme \u00e9lectronique, reprographique, enregistrement ou autre sans l&rsquo;autorisation \u00e9crite pr\u00e9alable d&rsquo;Action Audiovisuelle ou du propri\u00e9taire tiers du contenu. L&rsquo;utilisation non autoris\u00e9e d&rsquo;un contenu de ce site peut constituer une violation des lois relatives aux droits d&rsquo;auteur, aux r\u00e9glementations relatives \u00e0 la confidentialit\u00e9 et \u00e0 la publicit\u00e9 et aux lois et r\u00e9glementations r\u00e9gissant les communications ainsi que toutes autres lois nationales et locales. &nbsp; &nbsp; Limite de Responsabilit\u00e9s Action Audiovisuelle d\u00e9cline toute responsabilit\u00e9 en cas de dommages d\u00e9coulant de l&rsquo;utilisation de toute forme d&rsquo;information fournie sur le site Web et ne peut assurer l&rsquo;accessibilit\u00e9 permanente des contenus \u00e0 son site Web. Ce site Web peut proposer des liens pointant vers d&rsquo;autres sites non contr\u00f4l\u00e9s par Action Audiovisuelle. En cons\u00e9quence, Action Audiovisuelle d\u00e9cline toute responsabilit\u00e9 quant aux contenus de ces autres sites et ne saurait \u00eatre tenue responsable \u00e0 la place de leurs \u00e9diteurs. &nbsp; Protection des donn\u00e9es personnelles et respect de la loi du 6 janvier 1978 Conform\u00e9ment \u00e0 la loi Informatique et Libert\u00e9s du 6 janvier 1978, vous disposez aupr\u00e8s d&rsquo;Action Audiovisuelle d&rsquo;un droit d&rsquo;acc\u00e8s, de rectification ou de suppression concernant les donn\u00e9es personnelles que nous pourrions \u00eatre amen\u00e9s \u00e0 recueillir. Ces donn\u00e9es sont celles que vous aurez volontairement enregistr\u00e9es lors de vos commentaires, questions ou r\u00e9ponses aux formulaires notamment, ou lors de demandes d&rsquo;information. Aucune information personnelle vous concernant n&rsquo;est c\u00e9d\u00e9e \u00e0 des tiers ou utilis\u00e9e \u00e0 des fins non pr\u00e9vues.\" \/>\n<meta property=\"og:url\" content=\"https:\/\/actionaudiovisuelle.com\/?page_id=3\" \/>\n<meta property=\"og:site_name\" content=\"Actionaudiovisuelle\" \/>\n<meta property=\"article:modified_time\" content=\"2019-04-09T11:47:28+00:00\" \/>\n<meta name=\"twitter:card\" content=\"summary_large_image\" \/>\n<meta name=\"twitter:label1\" content=\"Dur\u00e9e de lecture estim\u00e9e\" \/>\n\t<meta name=\"twitter:data1\" content=\"3 minutes\" \/>\n<script type=\"application\/ld+json\" class=\"yoast-schema-graph\">{\"@context\":\"https:\/\/schema.org\",\"@graph\":[{\"@type\":\"WebPage\",\"@id\":\"https:\/\/actionaudiovisuelle.com\/?page_id=3\",\"url\":\"https:\/\/actionaudiovisuelle.com\/?page_id=3\",\"name\":\"Mentions L\u00e9gales - Actionaudiovisuelle\",\"isPartOf\":{\"@id\":\"https:\/\/actionaudiovisuelle.com\/#website\"},\"datePublished\":\"2019-04-09T11:09:34+00:00\",\"dateModified\":\"2019-04-09T11:47:28+00:00\",\"breadcrumb\":{\"@id\":\"https:\/\/actionaudiovisuelle.com\/?page_id=3#breadcrumb\"},\"inLanguage\":\"fr-FR\",\"potentialAction\":[{\"@type\":\"ReadAction\",\"target\":[\"https:\/\/actionaudiovisuelle.com\/?page_id=3\"]}]},{\"@type\":\"BreadcrumbList\",\"@id\":\"https:\/\/actionaudiovisuelle.com\/?page_id=3#breadcrumb\",\"itemListElement\":[{\"@type\":\"ListItem\",\"position\":1,\"name\":\"Accueil\",\"item\":\"https:\/\/actionaudiovisuelle.com\/\"},{\"@type\":\"ListItem\",\"position\":2,\"name\":\"Mentions L\u00e9gales\"}]},{\"@type\":\"WebSite\",\"@id\":\"https:\/\/actionaudiovisuelle.com\/#website\",\"url\":\"https:\/\/actionaudiovisuelle.com\/\",\"name\":\"Actionaudiovisuelle\",\"description\":\"R\u00e9alisation de Films\",\"potentialAction\":[{\"@type\":\"SearchAction\",\"target\":{\"@type\":\"EntryPoint\",\"urlTemplate\":\"https:\/\/actionaudiovisuelle.com\/?s={search_term_string}\"},\"query-input\":{\"@type\":\"PropertyValueSpecification\",\"valueRequired\":true,\"valueName\":\"search_term_string\"}}],\"inLanguage\":\"fr-FR\"}]}<\/script>\n<!-- \/ Yoast SEO plugin. -->","yoast_head_json":{"title":"Mentions L\u00e9gales - Actionaudiovisuelle","robots":{"index":"index","follow":"follow","max-snippet":"max-snippet:-1","max-image-preview":"max-image-preview:large","max-video-preview":"max-video-preview:-1"},"canonical":"https:\/\/actionaudiovisuelle.com\/?page_id=3","og_locale":"fr_FR","og_type":"article","og_title":"Mentions L\u00e9gales - Actionaudiovisuelle","og_description":"Directeur de la Publication : Philippe BAUMANN Site \u00e9dit\u00e9 par : ACTION AUDIOVISUELLE &#8211; Siren : 795 323 179 &#8211; (Evry)\u00a0toutes les prestations de r\u00e9alisation, tournage et montage D\u00e9veloppement &amp; H\u00e9bergement : cortical.net &#8211; 0954 870 210 &#8211; hosting[at]cortical.net11, les charrauds 87220 Aureil &#8211; France &nbsp; &nbsp; Contact Vous pouvez adresser vos questions et commentaires ainsi que signaler tout contenu jug\u00e9 inexact (accompagn\u00e9s dans ce cas de l\u2019URL de la page comment\u00e9e et\/ou d&rsquo;une copie de son contenu) en remplissant le formulaire de la rubrique contact. &nbsp; Contenus et liens Action Audiovisuelle s&rsquo;efforce de pr\u00e9senter des informations actualis\u00e9es sur son site Web. Pour autant Action Audiovisuelle ne fait aucune d\u00e9claration ni ne consent aucune garantie ou engagement quant \u00e0 l&rsquo;exactitude, l&rsquo;actualit\u00e9 ou l&rsquo;exhaustivit\u00e9 des informations fournies. Les contenus figurant sur ce site Web sont uniquement fournis \u00e0 des fins d&rsquo;information g\u00e9n\u00e9rale. Bien qu&rsquo;Action Audiovisuelle veille \u00e0 la qualit\u00e9 du contenu publi\u00e9 sur ce site, des erreurs peuvent toutefois appara\u00eetre. Ce site Web n&rsquo;est pas n\u00e9cessairement mis \u00e0 jour en temps r\u00e9el et certaines informations peuvent avoir \u00e9t\u00e9 infirm\u00e9 depuis leur publication initiale. Avant d&rsquo;entreprendre toute action sur la base d&rsquo;informations trouv\u00e9es sur ce site Web, vous devez v\u00e9rifier aupr\u00e8s d&rsquo;une autre source ou prendre directement aupr\u00e8s d&rsquo;Action Audiovisuelle. &nbsp; Droits d&rsquo;auteur Action Audiovisuelle ne renonce pas \u00e0 ses droits ni aux droits de tout tiers attach\u00e9s aux contenus figurant sur ce site bien que l&rsquo;acc\u00e8s soit libre. Les contenus disponibles sur ce site Web sont la propri\u00e9t\u00e9 d&rsquo;Action Audiovisuelle ou de ses conc\u00e9dants et sont prot\u00e9g\u00e9s par des droits d&rsquo;auteur et autres droits de propri\u00e9t\u00e9 intellectuelle. Certains contenu peuvent \u00eatre sous licences Creative Commons ou nous avoir \u00e9t\u00e9 pr\u00e9sent\u00e9 comme tel. Si un ayant \u00a0droit d\u00e9tecte une anomalie, nous lui sommes reconnaissant de nous en faire part. Les visiteurs sont autoris\u00e9s \u00e0 afficher et imprimer les informations publi\u00e9es sur ce site Web dans le cadre d\u2019une utilisation personnelle et en pr\u00e9cisant leurs sources. Pour tout autre utilisation il est n\u00e9cessaire d\u2019avoir au pr\u00e9alable obtenu l&rsquo;accord \u00e9crit d&rsquo;Action Audiovisuelle. Aucun contenu de ce site Web ne peut \u00eatre copi\u00e9, reproduit, distribu\u00e9, republi\u00e9, t\u00e9l\u00e9charg\u00e9, affich\u00e9, mis en ligne ni transmis sous quelque forme et de quelque mani\u00e8re que ce soit, y compris et notamment sous forme \u00e9lectronique, reprographique, enregistrement ou autre sans l&rsquo;autorisation \u00e9crite pr\u00e9alable d&rsquo;Action Audiovisuelle ou du propri\u00e9taire tiers du contenu. L&rsquo;utilisation non autoris\u00e9e d&rsquo;un contenu de ce site peut constituer une violation des lois relatives aux droits d&rsquo;auteur, aux r\u00e9glementations relatives \u00e0 la confidentialit\u00e9 et \u00e0 la publicit\u00e9 et aux lois et r\u00e9glementations r\u00e9gissant les communications ainsi que toutes autres lois nationales et locales. &nbsp; &nbsp; Limite de Responsabilit\u00e9s Action Audiovisuelle d\u00e9cline toute responsabilit\u00e9 en cas de dommages d\u00e9coulant de l&rsquo;utilisation de toute forme d&rsquo;information fournie sur le site Web et ne peut assurer l&rsquo;accessibilit\u00e9 permanente des contenus \u00e0 son site Web. Ce site Web peut proposer des liens pointant vers d&rsquo;autres sites non contr\u00f4l\u00e9s par Action Audiovisuelle. En cons\u00e9quence, Action Audiovisuelle d\u00e9cline toute responsabilit\u00e9 quant aux contenus de ces autres sites et ne saurait \u00eatre tenue responsable \u00e0 la place de leurs \u00e9diteurs. &nbsp; Protection des donn\u00e9es personnelles et respect de la loi du 6 janvier 1978 Conform\u00e9ment \u00e0 la loi Informatique et Libert\u00e9s du 6 janvier 1978, vous disposez aupr\u00e8s d&rsquo;Action Audiovisuelle d&rsquo;un droit d&rsquo;acc\u00e8s, de rectification ou de suppression concernant les donn\u00e9es personnelles que nous pourrions \u00eatre amen\u00e9s \u00e0 recueillir. Ces donn\u00e9es sont celles que vous aurez volontairement enregistr\u00e9es lors de vos commentaires, questions ou r\u00e9ponses aux formulaires notamment, ou lors de demandes d&rsquo;information. Aucune information personnelle vous concernant n&rsquo;est c\u00e9d\u00e9e \u00e0 des tiers ou utilis\u00e9e \u00e0 des fins non pr\u00e9vues.","og_url":"https:\/\/actionaudiovisuelle.com\/?page_id=3","og_site_name":"Actionaudiovisuelle","article_modified_time":"2019-04-09T11:47:28+00:00","twitter_card":"summary_large_image","twitter_misc":{"Dur\u00e9e de lecture estim\u00e9e":"3 minutes"},"schema":{"@context":"https:\/\/schema.org","@graph":[{"@type":"WebPage","@id":"https:\/\/actionaudiovisuelle.com\/?page_id=3","url":"https:\/\/actionaudiovisuelle.com\/?page_id=3","name":"Mentions L\u00e9gales - Actionaudiovisuelle","isPartOf":{"@id":"https:\/\/actionaudiovisuelle.com\/#website"},"datePublished":"2019-04-09T11:09:34+00:00","dateModified":"2019-04-09T11:47:28+00:00","breadcrumb":{"@id":"https:\/\/actionaudiovisuelle.com\/?page_id=3#breadcrumb"},"inLanguage":"fr-FR","potentialAction":[{"@type":"ReadAction","target":["https:\/\/actionaudiovisuelle.com\/?page_id=3"]}]},{"@type":"BreadcrumbList","@id":"https:\/\/actionaudiovisuelle.com\/?page_id=3#breadcrumb","itemListElement":[{"@type":"ListItem","position":1,"name":"Accueil","item":"https:\/\/actionaudiovisuelle.com\/"},{"@type":"ListItem","position":2,"name":"Mentions L\u00e9gales"}]},{"@type":"WebSite","@id":"https:\/\/actionaudiovisuelle.com\/#website","url":"https:\/\/actionaudiovisuelle.com\/","name":"Actionaudiovisuelle","description":"R\u00e9alisation de Films","potentialAction":[{"@type":"SearchAction","target":{"@type":"EntryPoint","urlTemplate":"https:\/\/actionaudiovisuelle.com\/?s={search_term_string}"},"query-input":{"@type":"PropertyValueSpecification","valueRequired":true,"valueName":"search_term_string"}}],"inLanguage":"fr-FR"}]}},"_links":{"self":[{"href":"https:\/\/actionaudiovisuelle.com\/index.php?rest_route=\/wp\/v2\/pages\/3"}],"collection":[{"href":"https:\/\/actionaudiovisuelle.com\/index.php?rest_route=\/wp\/v2\/pages"}],"about":[{"href":"https:\/\/actionaudiovisuelle.com\/index.php?rest_route=\/wp\/v2\/types\/page"}],"author":[{"embeddable":true,"href":"https:\/\/actionaudiovisuelle.com\/index.php?rest_route=\/wp\/v2\/users\/1"}],"replies":[{"embeddable":true,"href":"https:\/\/actionaudiovisuelle.com\/index.php?rest_route=%2Fwp%2Fv2%2Fcomments&post=3"}],"version-history":[{"count":0,"href":"https:\/\/actionaudiovisuelle.com\/index.php?rest_route=\/wp\/v2\/pages\/3\/revisions"}],"wp:attachment":[{"href":"https:\/\/actionaudiovisuelle.com\/index.php?rest_route=%2Fwp%2Fv2%2Fmedia&parent=3"}],"curies":[{"name":"wp","href":"https:\/\/api.w.org\/{rel}","templated":true}]}}